{"id":1835,"date":"2022-04-25T16:41:12","date_gmt":"2022-04-25T19:41:12","guid":{"rendered":"https:\/\/riverpromotora.com.br\/blog\/?page_id=1835"},"modified":"2022-10-03T13:15:00","modified_gmt":"2022-10-03T16:15:00","slug":"produtos","status":"publish","type":"page","link":"https:\/\/riverpromotora.com.br\/blog\/","title":{"rendered":"Produtos"},"content":{"rendered":"\t\t<div data-elementor-type=\"wp-page\" data-elementor-id=\"1835\" class=\"elementor elementor-1835\">\n\t\t\t\t\t\t<div class=\"elementor-inner\">\n\t\t\t\t<div class=\"elementor-section-wrap\">\n\t\t\t\t\t\t\t\t\t<section class=\"elementor-section elementor-top-section elementor-element elementor-element-1a67c88 elementor-section-height-min-height elementor-section-boxed elementor-section-height-default elementor-section-items-middle\" data-id=\"1a67c88\" data-element_type=\"section\">\n\t\t\t\t\t\t<div class=\"elementor-container elementor-column-gap-default\">\n\t\t\t\t\t\t\t<div class=\"elementor-row\">\n\t\t\t\t\t<div class=\"elementor-column elementor-col-100 elementor-top-column elementor-element elementor-element-f9515d3\" data-id=\"f9515d3\" data-element_type=\"column\">\n\t\t\t<div class=\"elementor-column-wrap elementor-element-populated\">\n\t\t\t\t\t\t\t<div class=\"elementor-widget-wrap\">\n\t\t\t\t\t\t<div class=\"elementor-element elementor-element-03eb413 elementor-widget elementor-widget-image\" data-id=\"03eb413\" data-element_type=\"widget\" data-widget_type=\"image.default\">\n\t\t\t\t<div class=\"elementor-widget-container\">\n\t\t\t\t\t\t\t\t<div class=\"elementor-image\">\n\t\t\t\t\t\t\t\t\t\t\t\t<img decoding=\"async\" width=\"800\" height=\"391\" src=\"https:\/\/riverpromotora.com.br\/blog\/wp-content\/uploads\/2022\/04\/logo_app.png\" class=\"elementor-animation-grow attachment-large size-large\" alt=\"simulador de empr\u00e9stimo online\" srcset=\"https:\/\/riverpromotora.com.br\/blog\/wp-content\/uploads\/2022\/04\/logo_app.png 1920w, https:\/\/riverpromotora.com.br\/blog\/wp-content\/uploads\/2022\/04\/logo_app-512x250.png 512w, https:\/\/riverpromotora.com.br\/blog\/wp-content\/uploads\/2022\/04\/logo_app-150x73.png 150w, https:\/\/riverpromotora.com.br\/blog\/wp-content\/uploads\/2022\/04\/logo_app-768x375.png 768w, https:\/\/riverpromotora.com.br\/blog\/wp-content\/uploads\/2022\/04\/logo_app-1536x750.png 1536w\" sizes=\"(max-width: 800px) 100vw, 800px\" \/>\t\t\t\t\t\t\t\t\t\t\t\t\t\t<\/div>\n\t\t\t\t\t\t<\/div>\n\t\t\t\t<\/div>\n\t\t\t\t<div class=\"elementor-element elementor-element-f600e11 elementor-widget elementor-widget-heading\" data-id=\"f600e11\" data-element_type=\"widget\" data-widget_type=\"heading.default\">\n\t\t\t\t<div class=\"elementor-widget-container\">\n\t\t\t<h2 class=\"elementor-heading-title elementor-size-default\">SELECIONE UM EMPR\u00c9STIMO<\/h2>\t\t<\/div>\n\t\t\t\t<\/div>\n\t\t\t\t<div class=\"elementor-element elementor-element-6159b14 elementor-align-justify elementor-widget elementor-widget-button\" data-id=\"6159b14\" data-element_type=\"widget\" data-widget_type=\"button.default\">\n\t\t\t\t<div class=\"elementor-widget-container\">\n\t\t\t\t\t<div class=\"elementor-button-wrapper\">\n\t\t\t<a href=\"https:\/\/riverpromotora.com.br\/blog\/aposentados-do-inss\/\" rel=\"nofollow\" class=\"elementor-button-link elementor-button elementor-size-sm elementor-animation-shrink\" role=\"button\">\n\t\t\t\t\t\t<span class=\"elementor-button-content-wrapper\">\n\t\t\t\t\t\t<span class=\"elementor-button-text\">INSS<\/span>\n\t\t<\/span>\n\t\t\t\t\t<\/a>\n\t\t<\/div>\n\t\t\t\t<\/div>\n\t\t\t\t<\/div>\n\t\t\t\t<div class=\"elementor-element elementor-element-8ca240e elementor-align-justify elementor-widget elementor-widget-button\" data-id=\"8ca240e\" data-element_type=\"widget\" data-widget_type=\"button.default\">\n\t\t\t\t<div class=\"elementor-widget-container\">\n\t\t\t\t\t<div class=\"elementor-button-wrapper\">\n\t\t\t<a href=\"https:\/\/riverpromotora.com.br\/blog\/funcionarios-publicos\/\" rel=\"nofollow\" class=\"elementor-button-link elementor-button elementor-size-sm elementor-animation-shrink\" role=\"button\">\n\t\t\t\t\t\t<span class=\"elementor-button-content-wrapper\">\n\t\t\t\t\t\t<span class=\"elementor-button-text\">FUNCION\u00c1RIOS P\u00daBLICOS<\/span>\n\t\t<\/span>\n\t\t\t\t\t<\/a>\n\t\t<\/div>\n\t\t\t\t<\/div>\n\t\t\t\t<\/div>\n\t\t\t\t<div class=\"elementor-element elementor-element-258f1a8 elementor-align-justify elementor-widget elementor-widget-button\" data-id=\"258f1a8\" data-element_type=\"widget\" data-widget_type=\"button.default\">\n\t\t\t\t<div class=\"elementor-widget-container\">\n\t\t\t\t\t<div class=\"elementor-button-wrapper\">\n\t\t\t<a href=\"https:\/\/riverpromotora.com.br\/blog\/emprestimo-fgts\/\" rel=\"nofollow\" class=\"elementor-button-link elementor-button elementor-size-sm elementor-animation-shrink\" role=\"button\">\n\t\t\t\t\t\t<span class=\"elementor-button-content-wrapper\">\n\t\t\t\t\t\t<span class=\"elementor-button-text\">FGTS<\/span>\n\t\t<\/span>\n\t\t\t\t\t<\/a>\n\t\t<\/div>\n\t\t\t\t<\/div>\n\t\t\t\t<\/div>\n\t\t\t\t<div class=\"elementor-element elementor-element-bf1432f elementor-widget-divider--view-line_text elementor-widget-divider--element-align-center elementor-widget elementor-widget-divider\" data-id=\"bf1432f\" data-element_type=\"widget\" data-widget_type=\"divider.default\">\n\t\t\t\t<div class=\"elementor-widget-container\">\n\t\t\t\t\t<div class=\"elementor-divider\">\n\t\t\t<span class=\"elementor-divider-separator\">\n\t\t\t\t\t\t\t<span class=\"elementor-divider__text elementor-divider__element\">\n\t\t\t\tAbra sua conta\t\t\t\t<\/span>\n\t\t\t\t\t\t<\/span>\n\t\t<\/div>\n\t\t\t\t<\/div>\n\t\t\t\t<\/div>\n\t\t\t\t<div class=\"elementor-element elementor-element-5429688 elementor-align-justify elementor-widget elementor-widget-button\" data-id=\"5429688\" data-element_type=\"widget\" data-widget_type=\"button.default\">\n\t\t\t\t<div class=\"elementor-widget-container\">\n\t\t\t\t\t<div class=\"elementor-button-wrapper\">\n\t\t\t<a href=\"#elementor-action%3Aaction%3Dpopup%3Aopen%26settings%3DeyJpZCI6IjI3ODIiLCJ0b2dnbGUiOmZhbHNlfQ%3D%3D\" rel=\"nofollow\" class=\"elementor-button-link elementor-button elementor-size-sm elementor-animation-shrink\" role=\"button\">\n\t\t\t\t\t\t<span class=\"elementor-button-content-wrapper\">\n\t\t\t\t\t\t<span class=\"elementor-button-text\">ABERTURA DE CONTA<\/span>\n\t\t<\/span>\n\t\t\t\t\t<\/a>\n\t\t<\/div>\n\t\t\t\t<\/div>\n\t\t\t\t<\/div>\n\t\t\t\t<div class=\"elementor-element elementor-element-519e592 elementor-align-justify elementor-hidden-desktop elementor-hidden-tablet elementor-widget elementor-widget-button\" data-id=\"519e592\" data-element_type=\"widget\" data-widget_type=\"button.default\">\n\t\t\t\t<div class=\"elementor-widget-container\">\n\t\t\t\t\t<div class=\"elementor-button-wrapper\">\n\t\t\t<a href=\"https:\/\/api.whatsapp.com\/send?phone=5575998688125&#038;text=Ol%C3%A1,%20quero%20saber%20mais%20sobre%20*abertura%20de%20conta*.\" target=\"_blank\" rel=\"nofollow\" class=\"elementor-button-link elementor-button elementor-size-sm elementor-animation-shrink\" role=\"button\">\n\t\t\t\t\t\t<span class=\"elementor-button-content-wrapper\">\n\t\t\t\t\t\t<span class=\"elementor-button-text\">ABERTURA DE CONTA<\/span>\n\t\t<\/span>\n\t\t\t\t\t<\/a>\n\t\t<\/div>\n\t\t\t\t<\/div>\n\t\t\t\t<\/div>\n\t\t\t\t\t\t<\/div>\n\t\t\t\t\t<\/div>\n\t\t<\/div>\n\t\t\t\t\t\t\t\t<\/div>\n\t\t\t\t\t<\/div>\n\t\t<\/section>\n\t\t\t\t<section class=\"elementor-section elementor-top-section elementor-element elementor-element-c47d8da elementor-section-boxed elementor-section-height-default elementor-section-height-default\" data-id=\"c47d8da\" data-element_type=\"section\">\n\t\t\t\t\t\t<div class=\"elementor-container elementor-column-gap-default\">\n\t\t\t\t\t\t\t<div class=\"elementor-row\">\n\t\t\t\t\t<div class=\"elementor-column elementor-col-100 elementor-top-column elementor-element elementor-element-0bb7fd2\" data-id=\"0bb7fd2\" data-element_type=\"column\">\n\t\t\t<div class=\"elementor-column-wrap elementor-element-populated\">\n\t\t\t\t\t\t\t<div class=\"elementor-widget-wrap\">\n\t\t\t\t\t\t<div class=\"elementor-element elementor-element-30b079f elementor-widget elementor-widget-global elementor-global-3157 elementor-widget-text-editor\" data-id=\"30b079f\" data-element_type=\"widget\" data-widget_type=\"text-editor.default\">\n\t\t\t\t<div class=\"elementor-widget-container\">\n\t\t\t\t\t\t\t\t<div class=\"elementor-text-editor elementor-clearfix\">\n\t\t\t\tTaxa de Juros ao m\u00eas 2,14 &#8211; Pegando R$ 5.000,00 reais voc\u00ea pagar\u00e1 em 60 parcelas no valor de R$ 155,19 &#8211; Este valor e condi\u00e7\u00f5es podem variar, consulte antes de contratar!\t\t\t\t\t<\/div>\n\t\t\t\t\t\t<\/div>\n\t\t\t\t<\/div>\n\t\t\t\t<div class=\"elementor-element elementor-element-af3e4f2 elementor-widget__width-initial elementor-widget elementor-widget-global elementor-global-3151 elementor-widget-text-editor\" data-id=\"af3e4f2\" data-element_type=\"widget\" data-widget_type=\"text-editor.default\">\n\t\t\t\t<div class=\"elementor-widget-container\">\n\t\t\t\t\t\t\t\t<div class=\"elementor-text-editor elementor-clearfix\">\n\t\t\t\tcnpj: <a href=\"https:\/\/riverpromotora.com.br\/blog\/wp-content\/uploads\/2022\/10\/cnpj-17869687000107.pdf\" target=\"_blank\" rel=\"noopener\">17.869.687\/0001-07<\/a>\t\t\t\t\t<\/div>\n\t\t\t\t\t\t<\/div>\n\t\t\t\t<\/div>\n\t\t\t\t<div class=\"elementor-element elementor-element-cd4fc6a elementor-widget__width-initial elementor-widget elementor-widget-global elementor-global-3154 elementor-widget-text-editor\" data-id=\"cd4fc6a\" data-element_type=\"widget\" data-widget_type=\"text-editor.default\">\n\t\t\t\t<div class=\"elementor-widget-container\">\n\t\t\t\t\t\t\t\t<div class=\"elementor-text-editor elementor-clearfix\">\n\t\t\t\tCertifica\u00e7\u00e3o:<a href=\"https:\/\/riverpromotora.com.br\/blog\/wp-content\/uploads\/2022\/10\/certificado-aneps.pdf\" target=\"_blank\" rel=\"noopener\"> ANEPS<\/a>\t\t\t\t\t<\/div>\n\t\t\t\t\t\t<\/div>\n\t\t\t\t<\/div>\n\t\t\t\t\t\t<\/div>\n\t\t\t\t\t<\/div>\n\t\t<\/div>\n\t\t\t\t\t\t\t\t<\/div>\n\t\t\t\t\t<\/div>\n\t\t<\/section>\n\t\t\t\t\t\t\t\t\t<\/div>\n\t\t\t<\/div>\n\t\t\t\t\t<\/div>\n\t\t","protected":false},"excerpt":{"rendered":"<p>SELECIONE UM EMPR\u00c9STIMO INSS FUNCION\u00c1RIOS P\u00daBLICOS FGTS Abra sua conta ABERTURA DE CONTA ABERTURA DE CONTA Taxa de Juros ao m\u00eas 2,14 &#8211; Pegando R$ 5.000,00 reais voc\u00ea pagar\u00e1 em 60 parcelas no valor de R$ 155,19 &#8211; Este valor e condi\u00e7\u00f5es podem variar, consulte antes de contratar!cnpj: 17.869.687\/0001-07Certifica\u00e7\u00e3o: ANEPS<\/p>\n","protected":false},"author":2,"featured_media":0,"parent":0,"menu_order":0,"comment_status":"closed","ping_status":"closed","template":"elementor_canvas","meta":{"footnotes":""},"class_list":["post-1835","page","type-page","status-publish","hentry"],"yoast_head":"<!-- This site is optimized with the Yoast SEO plugin v19.6.1 - https:\/\/yoast.com\/wordpress\/plugins\/seo\/ -->\n<title>Produtos - Simulador<\/title>\n<meta name=\"description\" content=\"Produtos - Simulador\" \/>\n<meta name=\"robots\" content=\"index, follow, max-snippet:-1, max-image-preview:large, max-video-preview:-1\" \/>\n<link rel=\"canonical\" href=\"https:\/\/riverpromotora.com.br\/blog\/\" \/>\n<meta property=\"og:locale\" content=\"pt_BR\" \/>\n<meta property=\"og:type\" content=\"article\" \/>\n<meta property=\"og:title\" content=\"Produtos - Simulador\" \/>\n<meta property=\"og:description\" content=\"Produtos - Simulador\" \/>\n<meta property=\"og:url\" content=\"https:\/\/riverpromotora.com.br\/blog\/\" \/>\n<meta property=\"og:site_name\" content=\"Simulador\" \/>\n<meta property=\"article:publisher\" content=\"http:\/\/m.facebook.com\/riverpromotorabr\/\" \/>\n<meta property=\"article:modified_time\" content=\"2022-10-03T16:15:00+00:00\" \/>\n<meta property=\"og:image\" content=\"https:\/\/riverpromotora.com.br\/blog\/wp-content\/uploads\/2022\/04\/logo_app.png\" \/>\n<meta name=\"twitter:card\" content=\"summary_large_image\" \/>\n<meta name=\"twitter:label1\" content=\"Est. tempo de leitura\" \/>\n\t<meta name=\"twitter:data1\" content=\"1 minuto\" \/>\n<script type=\"application\/ld+json\" class=\"yoast-schema-graph\">{\"@context\":\"https:\/\/schema.org\",\"@graph\":[{\"@type\":\"WebPage\",\"@id\":\"https:\/\/riverpromotora.com.br\/blog\/\",\"url\":\"https:\/\/riverpromotora.com.br\/blog\/\",\"name\":\"Produtos - Simulador\",\"isPartOf\":{\"@id\":\"https:\/\/riverpromotora.com.br\/blog\/#website\"},\"datePublished\":\"2022-04-25T19:41:12+00:00\",\"dateModified\":\"2022-10-03T16:15:00+00:00\",\"description\":\"Produtos - Simulador\",\"breadcrumb\":{\"@id\":\"https:\/\/riverpromotora.com.br\/blog\/#breadcrumb\"},\"inLanguage\":\"pt-BR\",\"potentialAction\":[{\"@type\":\"ReadAction\",\"target\":[\"https:\/\/riverpromotora.com.br\/blog\/\"]}]},{\"@type\":\"BreadcrumbList\",\"@id\":\"https:\/\/riverpromotora.com.br\/blog\/#breadcrumb\",\"itemListElement\":[{\"@type\":\"ListItem\",\"position\":1,\"name\":\"In\u00edcio\",\"item\":\"https:\/\/riverpromotora.com.br\/blog\/\"},{\"@type\":\"ListItem\",\"position\":2,\"name\":\"Produtos\"}]},{\"@type\":\"WebSite\",\"@id\":\"https:\/\/riverpromotora.com.br\/blog\/#website\",\"url\":\"https:\/\/riverpromotora.com.br\/blog\/\",\"name\":\"Simulador\",\"description\":\"Simulador de empr\u00e9stimo online\",\"publisher\":{\"@id\":\"https:\/\/riverpromotora.com.br\/blog\/#organization\"},\"potentialAction\":[{\"@type\":\"SearchAction\",\"target\":{\"@type\":\"EntryPoint\",\"urlTemplate\":\"https:\/\/riverpromotora.com.br\/blog\/?s={search_term_string}\"},\"query-input\":\"required name=search_term_string\"}],\"inLanguage\":\"pt-BR\"},{\"@type\":\"Organization\",\"@id\":\"https:\/\/riverpromotora.com.br\/blog\/#organization\",\"name\":\"River Promotora\",\"url\":\"https:\/\/riverpromotora.com.br\/blog\/\",\"sameAs\":[\"http:\/\/www.instagram.com\/riverpromotora\/\",\"http:\/\/m.facebook.com\/riverpromotorabr\/\"],\"logo\":{\"@type\":\"ImageObject\",\"inLanguage\":\"pt-BR\",\"@id\":\"https:\/\/riverpromotora.com.br\/blog\/#\/schema\/logo\/image\/\",\"url\":\"https:\/\/riverpromotora.com.br\/blog\/wp-content\/uploads\/2022\/04\/river-promotora-sc6127a0831b37e-536.webp\",\"contentUrl\":\"https:\/\/riverpromotora.com.br\/blog\/wp-content\/uploads\/2022\/04\/river-promotora-sc6127a0831b37e-536.webp\",\"width\":536,\"height\":172,\"caption\":\"River Promotora\"},\"image\":{\"@id\":\"https:\/\/riverpromotora.com.br\/blog\/#\/schema\/logo\/image\/\"}}]}<\/script>\n<!-- \/ Yoast SEO plugin. -->","yoast_head_json":{"title":"Produtos - Simulador","description":"Produtos - Simulador","robots":{"index":"index","follow":"follow","max-snippet":"max-snippet:-1","max-image-preview":"max-image-preview:large","max-video-preview":"max-video-preview:-1"},"canonical":"https:\/\/riverpromotora.com.br\/blog\/","og_locale":"pt_BR","og_type":"article","og_title":"Produtos - Simulador","og_description":"Produtos - Simulador","og_url":"https:\/\/riverpromotora.com.br\/blog\/","og_site_name":"Simulador","article_publisher":"http:\/\/m.facebook.com\/riverpromotorabr\/","article_modified_time":"2022-10-03T16:15:00+00:00","og_image":[{"url":"https:\/\/riverpromotora.com.br\/blog\/wp-content\/uploads\/2022\/04\/logo_app.png"}],"twitter_card":"summary_large_image","twitter_misc":{"Est. tempo de leitura":"1 minuto"},"schema":{"@context":"https:\/\/schema.org","@graph":[{"@type":"WebPage","@id":"https:\/\/riverpromotora.com.br\/blog\/","url":"https:\/\/riverpromotora.com.br\/blog\/","name":"Produtos - Simulador","isPartOf":{"@id":"https:\/\/riverpromotora.com.br\/blog\/#website"},"datePublished":"2022-04-25T19:41:12+00:00","dateModified":"2022-10-03T16:15:00+00:00","description":"Produtos - Simulador","breadcrumb":{"@id":"https:\/\/riverpromotora.com.br\/blog\/#breadcrumb"},"inLanguage":"pt-BR","potentialAction":[{"@type":"ReadAction","target":["https:\/\/riverpromotora.com.br\/blog\/"]}]},{"@type":"BreadcrumbList","@id":"https:\/\/riverpromotora.com.br\/blog\/#breadcrumb","itemListElement":[{"@type":"ListItem","position":1,"name":"In\u00edcio","item":"https:\/\/riverpromotora.com.br\/blog\/"},{"@type":"ListItem","position":2,"name":"Produtos"}]},{"@type":"WebSite","@id":"https:\/\/riverpromotora.com.br\/blog\/#website","url":"https:\/\/riverpromotora.com.br\/blog\/","name":"Simulador","description":"Simulador de empr\u00e9stimo online","publisher":{"@id":"https:\/\/riverpromotora.com.br\/blog\/#organization"},"potentialAction":[{"@type":"SearchAction","target":{"@type":"EntryPoint","urlTemplate":"https:\/\/riverpromotora.com.br\/blog\/?s={search_term_string}"},"query-input":"required name=search_term_string"}],"inLanguage":"pt-BR"},{"@type":"Organization","@id":"https:\/\/riverpromotora.com.br\/blog\/#organization","name":"River Promotora","url":"https:\/\/riverpromotora.com.br\/blog\/","sameAs":["http:\/\/www.instagram.com\/riverpromotora\/","http:\/\/m.facebook.com\/riverpromotorabr\/"],"logo":{"@type":"ImageObject","inLanguage":"pt-BR","@id":"https:\/\/riverpromotora.com.br\/blog\/#\/schema\/logo\/image\/","url":"https:\/\/riverpromotora.com.br\/blog\/wp-content\/uploads\/2022\/04\/river-promotora-sc6127a0831b37e-536.webp","contentUrl":"https:\/\/riverpromotora.com.br\/blog\/wp-content\/uploads\/2022\/04\/river-promotora-sc6127a0831b37e-536.webp","width":536,"height":172,"caption":"River Promotora"},"image":{"@id":"https:\/\/riverpromotora.com.br\/blog\/#\/schema\/logo\/image\/"}}]}},"_links":{"self":[{"href":"https:\/\/riverpromotora.com.br\/blog\/wp-json\/wp\/v2\/pages\/1835","targetHints":{"allow":["GET"]}}],"collection":[{"href":"https:\/\/riverpromotora.com.br\/blog\/wp-json\/wp\/v2\/pages"}],"about":[{"href":"https:\/\/riverpromotora.com.br\/blog\/wp-json\/wp\/v2\/types\/page"}],"author":[{"embeddable":true,"href":"https:\/\/riverpromotora.com.br\/blog\/wp-json\/wp\/v2\/users\/2"}],"replies":[{"embeddable":true,"href":"https:\/\/riverpromotora.com.br\/blog\/wp-json\/wp\/v2\/comments?post=1835"}],"version-history":[{"count":0,"href":"https:\/\/riverpromotora.com.br\/blog\/wp-json\/wp\/v2\/pages\/1835\/revisions"}],"wp:attachment":[{"href":"https:\/\/riverpromotora.com.br\/blog\/wp-json\/wp\/v2\/media?parent=1835"}],"curies":[{"name":"wp","href":"https:\/\/api.w.org\/{rel}","templated":true}]}}